{"id":100,"date":"2025-07-18T07:59:28","date_gmt":"2025-07-18T07:59:28","guid":{"rendered":"https:\/\/goldenmobility.net\/?page_id=100"},"modified":"2025-08-10T08:02:51","modified_gmt":"2025-08-10T08:02:51","slug":"about-us","status":"publish","type":"page","link":"https:\/\/goldenmobility.net\/es\/about-us\/","title":{"rendered":"Sobre nosotros"},"content":{"rendered":"<div class=\"wp-block-group is-vertical is-layout-flex wp-container-core-group-is-layout-fe9cc265 wp-block-group-is-layout-flex\">\n<h2 id=\"wp-block-themeisle-blocks-advanced-heading-d93fd128\" class=\"wp-block-themeisle-blocks-advanced-heading wp-block-themeisle-blocks-advanced-heading-d93fd128\"> Sobre nosotros<\/h2>\n\n\n\n<p>\u00a1Somos tu socio de confianza en movilidad en Benidorm!<\/p>\n\n\n\n<p>Somos una empresa joven y din\u00e1mica, fundada en 2025, con la misi\u00f3n de ofrecer servicios de alquiler de scooters de movilidad convenientes, asequibles y seguros tanto para los residentes locales como para los visitantes del complejo.<\/p>\n\n\n\n<p>Nuestro objetivo es ayudarte a disfrutar de la belleza de Benidorm sin limitaciones de movilidad. Tanto si necesitas apoyo para tus desplazamientos diarios como si quieres explorar la ciudad c\u00f3modamente durante tus vacaciones, nuestros scooters el\u00e9ctricos de movilidad son la soluci\u00f3n perfecta.<\/p>\n\n\n\n<ul class=\"wp-block-list\">\n<li>Patinetes nuevos, fiables y f\u00e1ciles de usar<\/li>\n\n\n\n<li>Periodos de alquiler flexibles: desde un d\u00eda hasta varias semanas<\/li>\n\n\n\n<li>Entrega a su ubicaci\u00f3n: hotel o apartamento<\/li>\n\n\n\n<li>Servicio multiling\u00fce amable y servicial.<\/li>\n<\/ul>\n\n\n\n<p>Conf\u00eda en nosotros: \u00a1nos encargamos de tu movilidad para que disfrutes de cada momento en Benidorm!<\/p>\n\n\n\n<p><\/p>\n<\/div>","protected":false},"excerpt":{"rendered":"<p>We are your trusted mobility partner in Benidorm! We are a young and dynamic company, established in 2025, with a mission to offer convenient, affordable, and safe mobility scooter rental services for both local residents and visitors to the resort. Our goal is to help you enjoy the beauty of Benidorm with no mobility limitations. [&hellip;]<\/p>\n","protected":false},"author":1,"featured_media":0,"parent":0,"menu_order":0,"comment_status":"closed","ping_status":"closed","template":"","meta":{"_themeisle_gutenberg_block_has_review":false,"footnotes":""},"class_list":["post-100","page","type-page","status-publish","hentry"],"_links":{"self":[{"href":"https:\/\/goldenmobility.net\/es\/wp-json\/wp\/v2\/pages\/100","targetHints":{"allow":["GET"]}}],"collection":[{"href":"https:\/\/goldenmobility.net\/es\/wp-json\/wp\/v2\/pages"}],"about":[{"href":"https:\/\/goldenmobility.net\/es\/wp-json\/wp\/v2\/types\/page"}],"author":[{"embeddable":true,"href":"https:\/\/goldenmobility.net\/es\/wp-json\/wp\/v2\/users\/1"}],"replies":[{"embeddable":true,"href":"https:\/\/goldenmobility.net\/es\/wp-json\/wp\/v2\/comments?post=100"}],"version-history":[{"count":9,"href":"https:\/\/goldenmobility.net\/es\/wp-json\/wp\/v2\/pages\/100\/revisions"}],"predecessor-version":[{"id":163,"href":"https:\/\/goldenmobility.net\/es\/wp-json\/wp\/v2\/pages\/100\/revisions\/163"}],"wp:attachment":[{"href":"https:\/\/goldenmobility.net\/es\/wp-json\/wp\/v2\/media?parent=100"}],"curies":[{"name":"wp","href":"https:\/\/api.w.org\/{rel}","templated":true}]}}